{"id":25016,"date":"2019-08-15T15:53:08","date_gmt":"2019-08-15T13:53:08","guid":{"rendered":"https:\/\/www.chateaudemontfrin.com\/contact\/"},"modified":"2020-07-20T17:01:07","modified_gmt":"2020-07-20T15:01:07","slug":"contact","status":"publish","type":"page","link":"https:\/\/www.chateaudemontfrin.com\/en\/contact\/","title":{"rendered":"Contact"},"content":{"rendered":"<p>[et_pb_section fb_built=&#8221;1&#8243; _builder_version=&#8221;3.26.8&#8243; background_color=&#8221;#191919&#8243;][et_pb_row _builder_version=&#8221;3.26.8&#8243; custom_padding=&#8221;2px||3px|||&#8221;][et_pb_column type=&#8221;4_4&#8243; _builder_version=&#8221;3.26.8&#8243;][et_pb_text _builder_version=&#8221;3.27.4&#8243; header_font=&#8221;|300|||||||&#8221; header_text_align=&#8221;center&#8221; header_text_color=&#8221;rgba(255,255,255,0.76)&#8221; header_font_size=&#8221;51px&#8221; background_layout=&#8221;dark&#8221;]<\/p>\n<h1>Contact &amp; FAQ<\/h1>\n<p>[\/et_pb_text][\/et_pb_column][\/et_pb_row][\/et_pb_section][et_pb_section fb_built=&#8221;1&#8243; _builder_version=&#8221;3.26.8&#8243; background_color=&#8221;#0a0a0a&#8221;][et_pb_row column_structure=&#8221;2_5,3_5&#8243; use_custom_gutter=&#8221;on&#8221; make_equal=&#8221;on&#8221; custom_padding_last_edited=&#8221;on|phone&#8221; _builder_version=&#8221;3.29.3&#8243; background_color=&#8221;#f9f9f9&#8243; custom_padding=&#8221;40px|40px|40px|40px|false|false&#8221; custom_padding_tablet=&#8221;&#8221; custom_padding_phone=&#8221;20px|20px|20px|20px|false|false&#8221;][et_pb_column type=&#8221;2_5&#8243; _builder_version=&#8221;3.26.8&#8243;][et_pb_text _builder_version=&#8221;3.27.4&#8243; text_font_size=&#8221;15px&#8221;]<\/p>\n<h2>Any Question?<\/h2>\n<p>Find an answer in the FAQS below.[\/et_pb_text][et_pb_toggle title=&#8221;Are all your products certified organic?&#8221; icon_color=&#8221;rgba(10,10,10,0.42)&#8221; _builder_version=&#8221;3.29.3&#8243; title_level=&#8221;h3&#8243; title_font=&#8221;Lato|||on|||||&#8221; title_font_size=&#8221;15px&#8221; title_line_height=&#8221;1.4em&#8221; body_line_height=&#8221;1.4em&#8221; background_color=&#8221;rgba(0,0,0,0)&#8221; custom_margin=&#8221;||-1px|||&#8221; custom_padding=&#8221;|0px||0px|false|false&#8221; border_width_all=&#8221;0px&#8221; border_color_all=&#8221;#ffffff&#8221; border_width_bottom=&#8221;2px&#8221; border_color_bottom=&#8221;rgba(10,10,10,0.24)&#8221;]Yes, all our wines and olive oils are certified organic by Veritas[\/et_pb_toggle][et_pb_toggle title=&#8221;How can I place an order from abroad?&#8221; icon_color=&#8221;rgba(10,10,10,0.42)&#8221; _builder_version=&#8221;3.26.8&#8243; title_level=&#8221;h3&#8243; title_font=&#8221;Lato|||on|||||&#8221; title_font_size=&#8221;15px&#8221; title_line_height=&#8221;1.4em&#8221; body_line_height=&#8221;1.4em&#8221; background_color=&#8221;rgba(0,0,0,0)&#8221; custom_margin=&#8221;||-1px|||&#8221; custom_padding=&#8221;|0px||0px|false|false&#8221; border_width_all=&#8221;0px&#8221; border_width_bottom=&#8221;2px&#8221; border_color_bottom=&#8221;rgba(10,10,10,0.24)&#8221;]Please contact commandes@chateaudemontfrin.com, we\u2019ll get back to you shortly.[\/et_pb_toggle][et_pb_toggle title=&#8221;I ordered online and I have an issue, could you help me?&#8221; icon_color=&#8221;rgba(10,10,10,0.42)&#8221; _builder_version=&#8221;3.26.8&#8243; title_level=&#8221;h3&#8243; title_font=&#8221;Lato|||on|||||&#8221; title_font_size=&#8221;15px&#8221; title_line_height=&#8221;1.4em&#8221; body_line_height=&#8221;1.4em&#8221; background_color=&#8221;rgba(0,0,0,0)&#8221; custom_margin=&#8221;||-1px|||&#8221; custom_padding=&#8221;|0px||0px|false|false&#8221; border_width_all=&#8221;0px&#8221;]We do not sell directly our products online, please contact the website on which you have placed your order (Les grappes, Comptoir med ou Bien Manger) regarding any matter.[\/et_pb_toggle][\/et_pb_column][et_pb_column type=&#8221;3_5&#8243; _builder_version=&#8221;3.26.8&#8243;][et_pb_text _builder_version=&#8221;3.27.4&#8243; text_font_size=&#8221;15px&#8221;]<\/p>\n<h2>Contact us<\/h2>\n<p>[\/et_pb_text][et_pb_blurb use_icon=&#8221;on&#8221; font_icon=&#8221;%%264%%&#8221; icon_placement=&#8221;left&#8221; use_icon_font_size=&#8221;on&#8221; icon_font_size=&#8221;24px&#8221; _builder_version=&#8221;3.26.8&#8243; body_font_size=&#8221;16px&#8221; custom_margin=&#8221;||12px|||&#8221; link_option_url=&#8221;Phone: +33466575152&#8243; transform_styles__hover_enabled=&#8221;on&#8221; transform_translate__hover=&#8221;7px|0px&#8221; transform_translate__hover_enabled=&#8221;on&#8221;]+33 4 66 57 51 52[\/et_pb_blurb][et_pb_blurb use_icon=&#8221;on&#8221; font_icon=&#8221;%%153%%&#8221; icon_placement=&#8221;left&#8221; use_icon_font_size=&#8221;on&#8221; icon_font_size=&#8221;24px&#8221; _builder_version=&#8221;3.26.8&#8243; body_font_size=&#8221;16px&#8221; transform_translate_linked__hover=&#8221;off&#8221; custom_margin=&#8221;||15px|||&#8221; link_option_url=&#8221;mailto:info@chateaudemontfrin.com&#8221; transform_styles__hover_enabled=&#8221;on&#8221; transform_scale__hover_enabled=&#8221;on&#8221; transform_translate__hover_enabled=&#8221;on&#8221; transform_rotate__hover_enabled=&#8221;on&#8221; transform_skew__hover_enabled=&#8221;on&#8221; transform_origin__hover_enabled=&#8221;on&#8221; transform_translate__hover=&#8221;7px|0px&#8221;]info@chateaudemontfrin.com[\/et_pb_blurb][et_pb_blurb use_icon=&#8221;on&#8221; font_icon=&#8221;%%238%%&#8221; icon_placement=&#8221;left&#8221; use_icon_font_size=&#8221;on&#8221; icon_font_size=&#8221;24px&#8221; _builder_version=&#8221;3.26.8&#8243; body_font_size=&#8221;16px&#8221; transform_translate_linked__hover=&#8221;off&#8221; link_option_url=&#8221;mailto:commandes@chateaudemontfrin.com&#8221; transform_styles__hover_enabled=&#8221;on&#8221; transform_scale__hover_enabled=&#8221;on&#8221; transform_translate__hover_enabled=&#8221;on&#8221; transform_rotate__hover_enabled=&#8221;on&#8221; transform_skew__hover_enabled=&#8221;on&#8221; transform_origin__hover_enabled=&#8221;on&#8221; transform_translate__hover=&#8221;7px|0px&#8221;]commandes@chateaudemontfrin.com (for professionnals)[\/et_pb_blurb][et_pb_contact_form email=&#8221;info@chateaudemontfrin.com&#8221; custom_message=&#8221;Ce message a \u00e9t\u00e9 envoy\u00e9 via le formulaire de contact du site chateaudemontfrin.com :||et_pb_line_break_holder||||et_pb_line_break_holder||Nom : %%Name%%||et_pb_line_break_holder||||et_pb_line_break_holder||Email : %%Email%%||et_pb_line_break_holder||||et_pb_line_break_holder||Sujet : %%Sujet%%||et_pb_line_break_holder||||et_pb_line_break_holder||Message : %%Message%%&#8221; success_message=&#8221;Your message has been sent, thank you.&#8221; _builder_version=&#8221;4.5.1&#8243; form_field_background_color=&#8221;#e5e5e5&#8243; background_color=&#8221;rgba(0,0,0,0)&#8221; custom_button=&#8221;on&#8221; button_text_color=&#8221;#0a0a0a&#8221; button_border_width=&#8221;2px&#8221; custom_margin=&#8221;8px|||||&#8221; hover_enabled=&#8221;0&#8243; border_radii=&#8221;on|2px|2px|2px|2px&#8221;][et_pb_contact_field field_id=&#8221;Name&#8221; field_title=&#8221;Name&#8221; _builder_version=&#8221;3.16&#8243; button_text_size__hover_enabled=&#8221;off&#8221; button_one_text_size__hover_enabled=&#8221;off&#8221; button_two_text_size__hover_enabled=&#8221;off&#8221; button_text_color__hover_enabled=&#8221;off&#8221; button_one_text_color__hover_enabled=&#8221;off&#8221; button_two_text_color__hover_enabled=&#8221;off&#8221; button_border_width__hover_enabled=&#8221;off&#8221; button_one_border_width__hover_enabled=&#8221;off&#8221; button_two_border_width__hover_enabled=&#8221;off&#8221; button_border_color__hover_enabled=&#8221;off&#8221; button_one_border_color__hover_enabled=&#8221;off&#8221; button_two_border_color__hover_enabled=&#8221;off&#8221; button_border_radius__hover_enabled=&#8221;off&#8221; button_one_border_radius__hover_enabled=&#8221;off&#8221; button_two_border_radius__hover_enabled=&#8221;off&#8221; button_letter_spacing__hover_enabled=&#8221;off&#8221; button_one_letter_spacing__hover_enabled=&#8221;off&#8221; button_two_letter_spacing__hover_enabled=&#8221;off&#8221; button_bg_color__hover_enabled=&#8221;off&#8221; button_one_bg_color__hover_enabled=&#8221;off&#8221; button_two_bg_color__hover_enabled=&#8221;off&#8221;][\/et_pb_contact_field][et_pb_contact_field field_id=&#8221;Email&#8221; field_title=&#8221;E-mail address&#8221; field_type=&#8221;email&#8221; _builder_version=&#8221;3.16&#8243; button_text_size__hover_enabled=&#8221;off&#8221; button_one_text_size__hover_enabled=&#8221;off&#8221; button_two_text_size__hover_enabled=&#8221;off&#8221; button_text_color__hover_enabled=&#8221;off&#8221; button_one_text_color__hover_enabled=&#8221;off&#8221; button_two_text_color__hover_enabled=&#8221;off&#8221; button_border_width__hover_enabled=&#8221;off&#8221; button_one_border_width__hover_enabled=&#8221;off&#8221; button_two_border_width__hover_enabled=&#8221;off&#8221; button_border_color__hover_enabled=&#8221;off&#8221; button_one_border_color__hover_enabled=&#8221;off&#8221; button_two_border_color__hover_enabled=&#8221;off&#8221; button_border_radius__hover_enabled=&#8221;off&#8221; button_one_border_radius__hover_enabled=&#8221;off&#8221; button_two_border_radius__hover_enabled=&#8221;off&#8221; button_letter_spacing__hover_enabled=&#8221;off&#8221; button_one_letter_spacing__hover_enabled=&#8221;off&#8221; button_two_letter_spacing__hover_enabled=&#8221;off&#8221; button_bg_color__hover_enabled=&#8221;off&#8221; button_one_bg_color__hover_enabled=&#8221;off&#8221; button_two_bg_color__hover_enabled=&#8221;off&#8221;][\/et_pb_contact_field][et_pb_contact_field field_id=&#8221;Sujet&#8221; field_title=&#8221;Subject&#8221; fullwidth_field=&#8221;on&#8221; _builder_version=&#8221;3.26.8&#8243; button_text_size__hover_enabled=&#8221;off&#8221; button_one_text_size__hover_enabled=&#8221;off&#8221; button_two_text_size__hover_enabled=&#8221;off&#8221; button_text_color__hover_enabled=&#8221;off&#8221; button_one_text_color__hover_enabled=&#8221;off&#8221; button_two_text_color__hover_enabled=&#8221;off&#8221; button_border_width__hover_enabled=&#8221;off&#8221; button_one_border_width__hover_enabled=&#8221;off&#8221; button_two_border_width__hover_enabled=&#8221;off&#8221; button_border_color__hover_enabled=&#8221;off&#8221; button_one_border_color__hover_enabled=&#8221;off&#8221; button_two_border_color__hover_enabled=&#8221;off&#8221; button_border_radius__hover_enabled=&#8221;off&#8221; button_one_border_radius__hover_enabled=&#8221;off&#8221; button_two_border_radius__hover_enabled=&#8221;off&#8221; button_letter_spacing__hover_enabled=&#8221;off&#8221; button_one_letter_spacing__hover_enabled=&#8221;off&#8221; button_two_letter_spacing__hover_enabled=&#8221;off&#8221; button_bg_color__hover_enabled=&#8221;off&#8221; button_one_bg_color__hover_enabled=&#8221;off&#8221; button_two_bg_color__hover_enabled=&#8221;off&#8221;][\/et_pb_contact_field][et_pb_contact_field field_id=&#8221;Message&#8221; field_title=&#8221;Message &#8221; field_type=&#8221;text&#8221; fullwidth_field=&#8221;on&#8221; _builder_version=&#8221;3.16&#8243; button_text_size__hover_enabled=&#8221;off&#8221; button_one_text_size__hover_enabled=&#8221;off&#8221; button_two_text_size__hover_enabled=&#8221;off&#8221; button_text_color__hover_enabled=&#8221;off&#8221; button_one_text_color__hover_enabled=&#8221;off&#8221; button_two_text_color__hover_enabled=&#8221;off&#8221; button_border_width__hover_enabled=&#8221;off&#8221; button_one_border_width__hover_enabled=&#8221;off&#8221; button_two_border_width__hover_enabled=&#8221;off&#8221; button_border_color__hover_enabled=&#8221;off&#8221; button_one_border_color__hover_enabled=&#8221;off&#8221; button_two_border_color__hover_enabled=&#8221;off&#8221; button_border_radius__hover_enabled=&#8221;off&#8221; button_one_border_radius__hover_enabled=&#8221;off&#8221; button_two_border_radius__hover_enabled=&#8221;off&#8221; button_letter_spacing__hover_enabled=&#8221;off&#8221; button_one_letter_spacing__hover_enabled=&#8221;off&#8221; button_two_letter_spacing__hover_enabled=&#8221;off&#8221; button_bg_color__hover_enabled=&#8221;off&#8221; button_one_bg_color__hover_enabled=&#8221;off&#8221; button_two_bg_color__hover_enabled=&#8221;off&#8221;][\/et_pb_contact_field][et_pb_contact_field field_id=&#8221;Confidentialite&#8221; field_title=&#8221; &#8221; field_type=&#8221;checkbox&#8221; checkbox_options=&#8221;%91{%22value%22:%22I have read and accept %22,%22checked%22:0,%22dragID%22:-1,%22link_url%22:%22https:\/\/www.chateaudemontfrin.com\/en\/legal-notice\/%22,%22link_text%22:%22the privacy policy%22}%93&#8243; fullwidth_field=&#8221;on&#8221; _builder_version=&#8221;4.5.1&#8243; hover_enabled=&#8221;0&#8243; button_text_size__hover_enabled=&#8221;off&#8221; button_one_text_size__hover_enabled=&#8221;off&#8221; button_two_text_size__hover_enabled=&#8221;off&#8221; button_text_color__hover_enabled=&#8221;off&#8221; button_one_text_color__hover_enabled=&#8221;off&#8221; button_two_text_color__hover_enabled=&#8221;off&#8221; button_border_width__hover_enabled=&#8221;off&#8221; button_one_border_width__hover_enabled=&#8221;off&#8221; button_two_border_width__hover_enabled=&#8221;off&#8221; button_border_color__hover_enabled=&#8221;off&#8221; button_one_border_color__hover_enabled=&#8221;off&#8221; button_two_border_color__hover_enabled=&#8221;off&#8221; button_border_radius__hover_enabled=&#8221;off&#8221; button_one_border_radius__hover_enabled=&#8221;off&#8221; button_two_border_radius__hover_enabled=&#8221;off&#8221; button_letter_spacing__hover_enabled=&#8221;off&#8221; button_one_letter_spacing__hover_enabled=&#8221;off&#8221; button_two_letter_spacing__hover_enabled=&#8221;off&#8221; button_bg_color__hover_enabled=&#8221;off&#8221; button_one_bg_color__hover_enabled=&#8221;off&#8221; button_two_bg_color__hover_enabled=&#8221;off&#8221;][\/et_pb_contact_field][\/et_pb_contact_form][\/et_pb_column][\/et_pb_row][\/et_pb_section][et_pb_section fb_built=&#8221;1&#8243; _builder_version=&#8221;3.26.8&#8243; background_color=&#8221;rgba(10,10,10,0)&#8221;][et_pb_row column_structure=&#8221;1_3,1_3,1_3&#8243; use_custom_gutter=&#8221;on&#8221; gutter_width=&#8221;2&#8243; make_equal=&#8221;on&#8221; _builder_version=&#8221;3.26.8&#8243;][et_pb_column type=&#8221;1_3&#8243; _builder_version=&#8221;3.26.8&#8243; background_color=&#8221;#191919&#8243;][et_pb_button button_url=&#8221;https:\/\/www.comptoir-mediterraneen.com\/1462-ch%C3%A2teau-de-montfrin&#8221; url_new_window=&#8221;on&#8221; button_text=&#8221;Online shops&#8221; button_alignment=&#8221;center&#8221; _builder_version=&#8221;3.26.8&#8243; custom_button=&#8221;on&#8221; button_bg_color=&#8221;rgba(43,43,43,0)&#8221; button_border_width=&#8221;0px&#8221; button_border_color=&#8221;rgba(43,43,43,0)&#8221; button_border_radius=&#8221;0px&#8221; button_font=&#8221;||on||||||&#8221; custom_padding=&#8221;20px||20px||false|false&#8221; custom_css_after=&#8221;padding-left:5px;&#8221;][\/et_pb_button][\/et_pb_column][et_pb_column type=&#8221;1_3&#8243; _builder_version=&#8221;3.26.8&#8243; background_color=&#8221;#191919&#8243;][et_pb_button button_url=&#8221;https:\/\/www.chateaudemontfrin.com\/en\/shop-on-site\/&#8221; button_text=&#8221;Meet us&#8221; button_alignment=&#8221;center&#8221; _builder_version=&#8221;3.26.8&#8243; custom_button=&#8221;on&#8221; button_bg_color=&#8221;rgba(43,43,43,0)&#8221; button_border_width=&#8221;0px&#8221; button_border_color=&#8221;rgba(43,43,43,0)&#8221; button_border_radius=&#8221;0px&#8221; button_font=&#8221;||on||||||&#8221; custom_padding=&#8221;20px||20px||false|false&#8221; custom_css_after=&#8221;padding-left:5px;&#8221;][\/et_pb_button][\/et_pb_column][et_pb_column type=&#8221;1_3&#8243; _builder_version=&#8221;3.26.8&#8243; background_color=&#8221;#191919&#8243;][et_pb_button button_url=&#8221;https:\/\/www.chateaudemontfrin.com\/en\/dealers\/&#8221; button_text=&#8221;Find a dealer&#8221; button_alignment=&#8221;center&#8221; _builder_version=&#8221;3.26.8&#8243; custom_button=&#8221;on&#8221; button_bg_color=&#8221;rgba(43,43,43,0)&#8221; button_border_width=&#8221;0px&#8221; button_border_color=&#8221;rgba(43,43,43,0)&#8221; button_border_radius=&#8221;0px&#8221; button_font=&#8221;||on||||||&#8221; custom_padding=&#8221;20px||20px||false|false&#8221; custom_css_after=&#8221;padding-left:5px;&#8221;][\/et_pb_button][\/et_pb_column][\/et_pb_row][\/et_pb_section]<\/p>\n","protected":false},"excerpt":{"rendered":"<p>Contact &amp; FAQAny Question? Find an answer in the FAQS below.Yes, all our wines and olive oils are certified organic by VeritasPlease contact commandes@chateaudemontfrin.com, we\u2019ll get back to you shortly.We do not sell directly our products online, please contact the website on which you have placed your order (Les grappes, Comptoir med ou Bien Manger) [&hellip;]<\/p>\n","protected":false},"author":1,"featured_media":0,"parent":0,"menu_order":0,"comment_status":"closed","ping_status":"closed","template":"","meta":{"_et_pb_use_builder":"on","_et_pb_old_content":"","_et_gb_content_width":"","footnotes":""},"class_list":["post-25016","page","type-page","status-publish","hentry"],"yoast_head":"<!-- This site is optimized with the Yoast SEO plugin v27.2 - https:\/\/yoast.com\/product\/yoast-seo-wordpress\/ -->\n<title>Contact - Chateau de Montfrin<\/title>\n<meta name=\"robots\" content=\"index, follow, max-snippet:-1, max-image-preview:large, max-video-preview:-1\" \/>\n<link rel=\"canonical\" href=\"https:\/\/www.chateaudemontfrin.com\/en\/contact\/\" \/>\n<meta property=\"og:locale\" content=\"en_US\" \/>\n<meta property=\"og:type\" content=\"article\" \/>\n<meta property=\"og:title\" content=\"Contact - Chateau de Montfrin\" \/>\n<meta property=\"og:description\" content=\"Contact &amp; FAQAny Question? Find an answer in the FAQS below.Yes, all our wines and olive oils are certified organic by VeritasPlease contact commandes@chateaudemontfrin.com, we\u2019ll get back to you shortly.We do not sell directly our products online, please contact the website on which you have placed your order (Les grappes, Comptoir med ou Bien Manger) [&hellip;]\" \/>\n<meta property=\"og:url\" content=\"https:\/\/www.chateaudemontfrin.com\/en\/contact\/\" \/>\n<meta property=\"og:site_name\" content=\"Chateau de Montfrin\" \/>\n<meta property=\"article:modified_time\" content=\"2020-07-20T15:01:07+00:00\" \/>\n<meta name=\"twitter:card\" content=\"summary_large_image\" \/>\n<meta name=\"twitter:label1\" content=\"Est. reading time\" \/>\n\t<meta name=\"twitter:data1\" content=\"9 minutes\" \/>\n<script type=\"application\/ld+json\" class=\"yoast-schema-graph\">{\"@context\":\"https:\/\/schema.org\",\"@graph\":[{\"@type\":\"WebPage\",\"@id\":\"https:\/\/www.chateaudemontfrin.com\/en\/contact\/\",\"url\":\"https:\/\/www.chateaudemontfrin.com\/en\/contact\/\",\"name\":\"Contact - Chateau de Montfrin\",\"isPartOf\":{\"@id\":\"https:\/\/www.chateaudemontfrin.com\/#website\"},\"datePublished\":\"2019-08-15T13:53:08+00:00\",\"dateModified\":\"2020-07-20T15:01:07+00:00\",\"breadcrumb\":{\"@id\":\"https:\/\/www.chateaudemontfrin.com\/en\/contact\/#breadcrumb\"},\"inLanguage\":\"en-US\",\"potentialAction\":[{\"@type\":\"ReadAction\",\"target\":[\"https:\/\/www.chateaudemontfrin.com\/en\/contact\/\"]}]},{\"@type\":\"BreadcrumbList\",\"@id\":\"https:\/\/www.chateaudemontfrin.com\/en\/contact\/#breadcrumb\",\"itemListElement\":[{\"@type\":\"ListItem\",\"position\":1,\"name\":\"Accueil\",\"item\":\"https:\/\/www.chateaudemontfrin.com\/en\/\"},{\"@type\":\"ListItem\",\"position\":2,\"name\":\"Contact\"}]},{\"@type\":\"WebSite\",\"@id\":\"https:\/\/www.chateaudemontfrin.com\/#website\",\"url\":\"https:\/\/www.chateaudemontfrin.com\/\",\"name\":\"Chateau de Montfrin\",\"description\":\"Vins et Huile d&#039;olive bio\",\"potentialAction\":[{\"@type\":\"SearchAction\",\"target\":{\"@type\":\"EntryPoint\",\"urlTemplate\":\"https:\/\/www.chateaudemontfrin.com\/?s={search_term_string}\"},\"query-input\":{\"@type\":\"PropertyValueSpecification\",\"valueRequired\":true,\"valueName\":\"search_term_string\"}}],\"inLanguage\":\"en-US\"}]}<\/script>\n<!-- \/ Yoast SEO plugin. -->","yoast_head_json":{"title":"Contact - Chateau de Montfrin","robots":{"index":"index","follow":"follow","max-snippet":"max-snippet:-1","max-image-preview":"max-image-preview:large","max-video-preview":"max-video-preview:-1"},"canonical":"https:\/\/www.chateaudemontfrin.com\/en\/contact\/","og_locale":"en_US","og_type":"article","og_title":"Contact - Chateau de Montfrin","og_description":"Contact &amp; FAQAny Question? Find an answer in the FAQS below.Yes, all our wines and olive oils are certified organic by VeritasPlease contact commandes@chateaudemontfrin.com, we\u2019ll get back to you shortly.We do not sell directly our products online, please contact the website on which you have placed your order (Les grappes, Comptoir med ou Bien Manger) [&hellip;]","og_url":"https:\/\/www.chateaudemontfrin.com\/en\/contact\/","og_site_name":"Chateau de Montfrin","article_modified_time":"2020-07-20T15:01:07+00:00","twitter_card":"summary_large_image","twitter_misc":{"Est. reading time":"9 minutes"},"schema":{"@context":"https:\/\/schema.org","@graph":[{"@type":"WebPage","@id":"https:\/\/www.chateaudemontfrin.com\/en\/contact\/","url":"https:\/\/www.chateaudemontfrin.com\/en\/contact\/","name":"Contact - Chateau de Montfrin","isPartOf":{"@id":"https:\/\/www.chateaudemontfrin.com\/#website"},"datePublished":"2019-08-15T13:53:08+00:00","dateModified":"2020-07-20T15:01:07+00:00","breadcrumb":{"@id":"https:\/\/www.chateaudemontfrin.com\/en\/contact\/#breadcrumb"},"inLanguage":"en-US","potentialAction":[{"@type":"ReadAction","target":["https:\/\/www.chateaudemontfrin.com\/en\/contact\/"]}]},{"@type":"BreadcrumbList","@id":"https:\/\/www.chateaudemontfrin.com\/en\/contact\/#breadcrumb","itemListElement":[{"@type":"ListItem","position":1,"name":"Accueil","item":"https:\/\/www.chateaudemontfrin.com\/en\/"},{"@type":"ListItem","position":2,"name":"Contact"}]},{"@type":"WebSite","@id":"https:\/\/www.chateaudemontfrin.com\/#website","url":"https:\/\/www.chateaudemontfrin.com\/","name":"Chateau de Montfrin","description":"Vins et Huile d&#039;olive bio","potentialAction":[{"@type":"SearchAction","target":{"@type":"EntryPoint","urlTemplate":"https:\/\/www.chateaudemontfrin.com\/?s={search_term_string}"},"query-input":{"@type":"PropertyValueSpecification","valueRequired":true,"valueName":"search_term_string"}}],"inLanguage":"en-US"}]}},"_links":{"self":[{"href":"https:\/\/www.chateaudemontfrin.com\/en\/wp-json\/wp\/v2\/pages\/25016","targetHints":{"allow":["GET"]}}],"collection":[{"href":"https:\/\/www.chateaudemontfrin.com\/en\/wp-json\/wp\/v2\/pages"}],"about":[{"href":"https:\/\/www.chateaudemontfrin.com\/en\/wp-json\/wp\/v2\/types\/page"}],"author":[{"embeddable":true,"href":"https:\/\/www.chateaudemontfrin.com\/en\/wp-json\/wp\/v2\/users\/1"}],"replies":[{"embeddable":true,"href":"https:\/\/www.chateaudemontfrin.com\/en\/wp-json\/wp\/v2\/comments?post=25016"}],"version-history":[{"count":7,"href":"https:\/\/www.chateaudemontfrin.com\/en\/wp-json\/wp\/v2\/pages\/25016\/revisions"}],"predecessor-version":[{"id":25302,"href":"https:\/\/www.chateaudemontfrin.com\/en\/wp-json\/wp\/v2\/pages\/25016\/revisions\/25302"}],"wp:attachment":[{"href":"https:\/\/www.chateaudemontfrin.com\/en\/wp-json\/wp\/v2\/media?parent=25016"}],"curies":[{"name":"wp","href":"https:\/\/api.w.org\/{rel}","templated":true}]}}