{"id":24888,"date":"2019-08-15T16:00:04","date_gmt":"2019-08-15T14:00:04","guid":{"rendered":"https:\/\/www.chateaudemontfrin.com\/le-pays\/"},"modified":"2020-08-06T15:28:30","modified_gmt":"2020-08-06T13:28:30","slug":"the-land","status":"publish","type":"page","link":"https:\/\/www.chateaudemontfrin.com\/en\/the-land\/","title":{"rendered":"The Land"},"content":{"rendered":"<p>[et_pb_section fb_built=&#8221;1&#8243; custom_padding_last_edited=&#8221;on|desktop&#8221; _builder_version=&#8221;3.29.3&#8243; background_color=&#8221;rgba(10,10,10,0)&#8221; background_image=&#8221;https:\/\/www.chateaudemontfrin.com\/wp-content\/uploads\/2019\/08\/laGMaison4.jpg&#8221; parallax=&#8221;on&#8221; parallax_method=&#8221;off&#8221; custom_padding=&#8221;||||false|false&#8221; custom_padding_tablet=&#8221;0px||0px||false|false&#8221; fb_built=&#8221;1&#8243; _i=&#8221;0&#8243; _address=&#8221;0&#8243;][et_pb_row column_structure=&#8221;1_3,1_3,1_3&#8243; use_custom_gutter=&#8221;on&#8221; gutter_width=&#8221;1&#8243; custom_padding_last_edited=&#8221;on|tablet&#8221; _builder_version=&#8221;3.29.3&#8243; width=&#8221;100%&#8221; custom_padding=&#8221;70px||231px||false|false&#8221; custom_padding_tablet=&#8221;0px||0px||false|false&#8221; _i=&#8221;0&#8243; _address=&#8221;0.0&#8243;][et_pb_column type=&#8221;1_3&#8243; _builder_version=&#8221;3.29.3&#8243; custom_padding=&#8221;0px||0px||false|false&#8221; custom_padding_last_edited=&#8221;on|desktop&#8221; _i=&#8221;0&#8243; _address=&#8221;0.0.0&#8243;][\/et_pb_column][et_pb_column type=&#8221;1_3&#8243; _builder_version=&#8221;3.29.3&#8243; _i=&#8221;1&#8243; _address=&#8221;0.0.1&#8243;][et_pb_image src=&#8221;https:\/\/www.chateaudemontfrin.com\/wp-content\/uploads\/2019\/08\/laGMaison4.jpg&#8221; show_bottom_space=&#8221;off&#8221; force_fullwidth=&#8221;on&#8221; disabled_on=&#8221;off|off|on&#8221; _builder_version=&#8221;3.29.3&#8243; custom_margin=&#8221;||-1px||false|false&#8221; _i=&#8221;0&#8243; _address=&#8221;0.0.1.0&#8243;][\/et_pb_image][et_pb_divider show_divider=&#8221;off&#8221; _builder_version=&#8221;3.29.3&#8243; height=&#8221;0px&#8221; custom_margin=&#8221;0px||0px||false|false&#8221; custom_padding=&#8221;1px||0px||false|false&#8221; _i=&#8221;1&#8243; _address=&#8221;0.0.1.1&#8243;][\/et_pb_divider][\/et_pb_column][et_pb_column type=&#8221;1_3&#8243; _builder_version=&#8221;3.29.3&#8243; _i=&#8221;2&#8243; _address=&#8221;0.0.2&#8243;][et_pb_text _builder_version=&#8221;3.27.4&#8243; background_color=&#8221;rgba(10,10,10,0.88)&#8221; background_layout=&#8221;dark&#8221; custom_padding=&#8221;20px|20px|20px|20px|false|false&#8221; _i=&#8221;0&#8243; _address=&#8221;0.0.2.0&#8243;]<\/p>\n<h2>La Grande Maison<\/h2>\n<p>The great house is a beautiful house with a rich and historic past. Residing in the heart of a village she was once deemed to protect. Through out her history, many famous people have stopped by. Such as Francis of Assis, patron saint of animals, Saint Louis, Louis XIII and Moliere to name but a few of the more well known.<\/p>\n<p>The far mis structured between two activities : The Domaine des Captives composed of vineyards with its winemaking and the Moulin des Ombres (Mill of the Shadows) for olive oil.<\/p>\n<p>Owing to acquisitions, exchanges and transfers of land it extends over approximately 500 acres, of which half is grapevines and the other olive trees and arable land.[\/et_pb_text][\/et_pb_column][\/et_pb_row][\/et_pb_section][et_pb_section fb_built=&#8221;1&#8243; custom_padding_last_edited=&#8221;on|phone&#8221; _builder_version=&#8221;3.29.3&#8243; background_color=&#8221;rgba(10,10,10,0)&#8221; background_image=&#8221;https:\/\/www.chateaudemontfrin.com\/wp-content\/uploads\/2019\/08\/page-de-fleurieu.jpg&#8221; parallax=&#8221;on&#8221; parallax_method=&#8221;off&#8221; custom_padding=&#8221;0px||0px||false|false&#8221; fb_built=&#8221;1&#8243; _i=&#8221;1&#8243; _address=&#8221;1&#8243;][et_pb_row column_structure=&#8221;1_3,1_3,1_3&#8243; use_custom_gutter=&#8221;on&#8221; gutter_width=&#8221;1&#8243; custom_padding_last_edited=&#8221;on|desktop&#8221; _builder_version=&#8221;3.29.3&#8243; width=&#8221;100%&#8221; custom_margin_tablet=&#8221;||||false|false&#8221; custom_margin_last_edited=&#8221;on|phone&#8221; custom_padding=&#8221;100px||100px||false|false&#8221; custom_padding_tablet=&#8221;0px||0px||false|false&#8221; _i=&#8221;0&#8243; _address=&#8221;1.0&#8243;][et_pb_column type=&#8221;1_3&#8243; _builder_version=&#8221;3.26.8&#8243; _i=&#8221;0&#8243; _address=&#8221;1.0.0&#8243;][\/et_pb_column][et_pb_column type=&#8221;1_3&#8243; _builder_version=&#8221;3.26.8&#8243; _i=&#8221;1&#8243; _address=&#8221;1.0.1&#8243;][et_pb_image src=&#8221;https:\/\/www.chateaudemontfrin.com\/wp-content\/uploads\/2019\/08\/page-de-fleurieu.jpg&#8221; show_bottom_space=&#8221;off&#8221; force_fullwidth=&#8221;on&#8221; disabled_on=&#8221;off|off|on&#8221; _builder_version=&#8221;3.29.3&#8243; custom_margin=&#8221;||-1px||false|false&#8221; _i=&#8221;0&#8243; _address=&#8221;1.0.1.0&#8243;][\/et_pb_image][et_pb_divider show_divider=&#8221;off&#8221; _builder_version=&#8221;3.29.3&#8243; height=&#8221;0px&#8221; custom_margin=&#8221;0px||0px||false|false&#8221; custom_padding=&#8221;1px||0px||false|false&#8221; _i=&#8221;1&#8243; _address=&#8221;1.0.1.1&#8243;][\/et_pb_divider][\/et_pb_column][et_pb_column type=&#8221;1_3&#8243; _builder_version=&#8221;3.26.8&#8243; _i=&#8221;2&#8243; _address=&#8221;1.0.2&#8243;][et_pb_text _builder_version=&#8221;3.27.4&#8243; background_color=&#8221;rgba(10,10,10,0.88)&#8221; background_layout=&#8221;dark&#8221; custom_padding=&#8221;20px|20px|20px|20px|false|false&#8221; _i=&#8221;0&#8243; _address=&#8221;1.0.2.0&#8243;]<\/p>\n<h2>Jean-Ren\u00e9 de Fleurieu<\/h2>\n<h3>A producer of films and potatoes<\/h3>\n<p>From the peaks of Pic st Loup to the summits of Mont Ventoux, I have always loved this country, my land of freedom, the great house and my village. Whose houses, and doors are always open and through which one enters and is greeted with kindness. I would like to pay tribute to the town saddler who took me in, who carder wool, patched mattresses, repaired the harnesses of horses and mules, children\u2019s school satchels and told an infinite number of beautiful stories. He welcomed me in his house and his workshop and thaught me that man\u2019 greatest treasure is his ability to enjoy life. It is he who also taught me that the best way to know a land is to cultivate it. I am forever thankful. His name was Jean Donnet.[\/et_pb_text][\/et_pb_column][\/et_pb_row][\/et_pb_section][et_pb_section fb_built=&#8221;1&#8243; custom_padding_last_edited=&#8221;on|phone&#8221; _builder_version=&#8221;3.29.3&#8243; background_color=&#8221;rgba(10,10,10,0)&#8221; background_image=&#8221;https:\/\/www.chateaudemontfrin.com\/wp-content\/uploads\/2019\/09\/benjamin.jpg&#8221; parallax=&#8221;on&#8221; parallax_method=&#8221;off&#8221; custom_padding_tablet=&#8221;0px||0px||false|false&#8221; fb_built=&#8221;1&#8243; _i=&#8221;2&#8243; _address=&#8221;2&#8243;][et_pb_row column_structure=&#8221;1_3,1_3,1_3&#8243; use_custom_gutter=&#8221;on&#8221; gutter_width=&#8221;1&#8243; custom_padding_last_edited=&#8221;on|phone&#8221; _builder_version=&#8221;3.29.3&#8243; width=&#8221;100%&#8221; custom_margin=&#8221;||||false|false&#8221; custom_padding=&#8221;50px||400px||false|false&#8221; custom_padding_tablet=&#8221;0px||0px||false|false&#8221; _i=&#8221;0&#8243; _address=&#8221;2.0&#8243;][et_pb_column type=&#8221;1_3&#8243; _builder_version=&#8221;3.26.8&#8243; _i=&#8221;0&#8243; _address=&#8221;2.0.0&#8243;][\/et_pb_column][et_pb_column type=&#8221;1_3&#8243; _builder_version=&#8221;3.26.8&#8243; _i=&#8221;1&#8243; _address=&#8221;2.0.1&#8243;][et_pb_image src=&#8221;https:\/\/www.chateaudemontfrin.com\/wp-content\/uploads\/2019\/09\/benjamin.jpg&#8221; show_bottom_space=&#8221;off&#8221; force_fullwidth=&#8221;on&#8221; disabled_on=&#8221;off|off|on&#8221; _builder_version=&#8221;3.29.3&#8243; custom_margin=&#8221;||-1px||false|false&#8221; _i=&#8221;0&#8243; _address=&#8221;2.0.1.0&#8243;][\/et_pb_image][et_pb_divider show_divider=&#8221;off&#8221; _builder_version=&#8221;3.29.3&#8243; height=&#8221;0px&#8221; custom_margin=&#8221;0px||0px||false|false&#8221; custom_padding=&#8221;1px||0px||false|false&#8221; _i=&#8221;1&#8243; _address=&#8221;2.0.1.1&#8243;][\/et_pb_divider][\/et_pb_column][et_pb_column type=&#8221;1_3&#8243; _builder_version=&#8221;3.26.8&#8243; _i=&#8221;2&#8243; _address=&#8221;2.0.2&#8243;][et_pb_text _builder_version=&#8221;3.27.4&#8243; background_color=&#8221;rgba(10,10,10,0.88)&#8221; background_layout=&#8221;dark&#8221; custom_padding=&#8221;20px|20px|20px|20px|false|false&#8221; _i=&#8221;0&#8243; _address=&#8221;2.0.2.0&#8243;]<\/p>\n<h2>Benjamin B\u00e9guin<\/h2>\n<p>Benjamin B\u00e9guin began twenty years ago at the Domaine as a vineyard operator, he has since become a managing partner. He is responsible for the winemaking and of the Moulin des Ombres and oversees the future of the estate.[\/et_pb_text][\/et_pb_column][\/et_pb_row][\/et_pb_section][et_pb_section fb_built=&#8221;1&#8243; custom_padding_last_edited=&#8221;on|tablet&#8221; _builder_version=&#8221;3.29.3&#8243; background_color=&#8221;rgba(10,10,10,0)&#8221; background_image=&#8221;https:\/\/www.chateaudemontfrin.com\/wp-content\/uploads\/2019\/08\/ledomaine.jpg&#8221; parallax=&#8221;on&#8221; parallax_method=&#8221;off&#8221; custom_padding_tablet=&#8221;0px||0px||false|false&#8221; fb_built=&#8221;1&#8243; _i=&#8221;3&#8243; _address=&#8221;3&#8243;][et_pb_row column_structure=&#8221;1_3,1_3,1_3&#8243; use_custom_gutter=&#8221;on&#8221; gutter_width=&#8221;1&#8243; custom_padding_last_edited=&#8221;on|desktop&#8221; _builder_version=&#8221;3.29.3&#8243; width=&#8221;100%&#8221; custom_padding_tablet=&#8221;0px||0px||false|false&#8221; _i=&#8221;0&#8243; _address=&#8221;3.0&#8243;][et_pb_column type=&#8221;1_3&#8243; _builder_version=&#8221;3.26.8&#8243; _i=&#8221;0&#8243; _address=&#8221;3.0.0&#8243;][\/et_pb_column][et_pb_column type=&#8221;1_3&#8243; _builder_version=&#8221;3.26.8&#8243; _i=&#8221;1&#8243; _address=&#8221;3.0.1&#8243;][et_pb_image src=&#8221;https:\/\/www.chateaudemontfrin.com\/wp-content\/uploads\/2019\/08\/ledomaine.jpg&#8221; show_bottom_space=&#8221;off&#8221; force_fullwidth=&#8221;on&#8221; disabled_on=&#8221;off|off|on&#8221; _builder_version=&#8221;3.29.3&#8243; custom_margin=&#8221;||-1px||false|false&#8221; _i=&#8221;0&#8243; _address=&#8221;3.0.1.0&#8243;][\/et_pb_image][et_pb_divider show_divider=&#8221;off&#8221; _builder_version=&#8221;3.29.3&#8243; height=&#8221;0px&#8221; custom_margin=&#8221;0px||0px||false|false&#8221; custom_padding=&#8221;1px||0px||false|false&#8221; _i=&#8221;1&#8243; _address=&#8221;3.0.1.1&#8243;][\/et_pb_divider][\/et_pb_column][et_pb_column type=&#8221;1_3&#8243; _builder_version=&#8221;3.26.8&#8243; _i=&#8221;2&#8243; _address=&#8221;3.0.2&#8243;][et_pb_text _builder_version=&#8221;3.27.4&#8243; background_color=&#8221;rgba(10,10,10,0.88)&#8221; background_layout=&#8221;dark&#8221; custom_padding=&#8221;20px|20px|20px|20px|false|false&#8221; _i=&#8221;0&#8243; _address=&#8221;3.0.2.0&#8243;]<\/p>\n<h2>Le Domaine des Captives<\/h2>\n<h3>The Cellar &amp; the grapevine<\/h3>\n<p>The Domaine des Captives is the activity dedicated to viticulture, winemaking and marketing of the wines we produce. The estate comprises nearly 250 acres producing wines of different appellations, C\u00f4tes du Rh\u00f4ne and C\u00f4tes du Rh\u00f4ne villages, Les Costi\u00e8res de N\u00eemes and Les Coteaux du Pont du Gard.<\/p>\n<p>4 wines in 3 colors originating from a dozen different varietals of which the best known are Syrah, Grenache, Mourvedre, Carignan, Roussane, Viognier and several others. The vines grow in a hallowed farmland made up of contrasting terrain. From the vast silty soils of the plains along the majestic Rhone to the sunny hillsides of its banks and the stony plateaus of it\u2019s now abandoned river beds. Most of the plots are irrigated to allow the vine to resist the incresing draughts in the area. Some of the wine is hand harvested allowing for carbonic maceration bestowing a distinctive characteristic to some of our wines. The style of the estate is defined by wines which are lively and elegant, the use of little or no wood, with emphasis on the fruit and the terroir.[\/et_pb_text][\/et_pb_column][\/et_pb_row][\/et_pb_section][et_pb_section fb_built=&#8221;1&#8243; custom_padding_last_edited=&#8221;on|desktop&#8221; _builder_version=&#8221;3.29.3&#8243; background_color=&#8221;rgba(10,10,10,0)&#8221; background_image=&#8221;https:\/\/www.chateaudemontfrin.com\/wp-content\/uploads\/2019\/08\/IMG_7705-2-e1487952105228.jpg&#8221; parallax=&#8221;on&#8221; parallax_method=&#8221;off&#8221; custom_padding_tablet=&#8221;0px||0px||false|false&#8221; fb_built=&#8221;1&#8243; _i=&#8221;4&#8243; _address=&#8221;4&#8243;][et_pb_row column_structure=&#8221;1_3,1_3,1_3&#8243; use_custom_gutter=&#8221;on&#8221; gutter_width=&#8221;1&#8243; custom_padding_last_edited=&#8221;on|tablet&#8221; _builder_version=&#8221;3.29.3&#8243; width=&#8221;100%&#8221; custom_padding=&#8221;0px||0px||false|false&#8221; _i=&#8221;0&#8243; _address=&#8221;4.0&#8243;][et_pb_column type=&#8221;1_3&#8243; _builder_version=&#8221;3.26.8&#8243; _i=&#8221;0&#8243; _address=&#8221;4.0.0&#8243;][\/et_pb_column][et_pb_column type=&#8221;1_3&#8243; _builder_version=&#8221;3.26.8&#8243; _i=&#8221;1&#8243; _address=&#8221;4.0.1&#8243;][et_pb_image src=&#8221;https:\/\/www.chateaudemontfrin.com\/wp-content\/uploads\/2019\/08\/IMG_7705-2-e1487952105228.jpg&#8221; show_bottom_space=&#8221;off&#8221; force_fullwidth=&#8221;on&#8221; disabled_on=&#8221;off|off|on&#8221; _builder_version=&#8221;3.29.3&#8243; custom_margin=&#8221;||-1px||false|false&#8221; _i=&#8221;0&#8243; _address=&#8221;4.0.1.0&#8243;][\/et_pb_image][et_pb_divider show_divider=&#8221;off&#8221; _builder_version=&#8221;3.29.3&#8243; height=&#8221;0px&#8221; custom_margin=&#8221;0px||0px||false|false&#8221; custom_padding=&#8221;1px||0px||false|false&#8221; _i=&#8221;1&#8243; _address=&#8221;4.0.1.1&#8243;][\/et_pb_divider][\/et_pb_column][et_pb_column type=&#8221;1_3&#8243; _builder_version=&#8221;3.26.8&#8243; _i=&#8221;2&#8243; _address=&#8221;4.0.2&#8243;][et_pb_text _builder_version=&#8221;3.29.3&#8243; background_color=&#8221;rgba(10,10,10,0.88)&#8221; background_layout=&#8221;dark&#8221; custom_padding=&#8221;20px|20px|20px|20px|false|false&#8221; hover_enabled=&#8221;0&#8243; _i=&#8221;0&#8243; _address=&#8221;4.0.2.0&#8243;]<\/p>\n<h2>The Mill of the Shadows<\/h2>\n<p>The Mill of the Shadows, one of the main olive mills of the Languedoc and Provence regions, employs the latest technology assuring the integrity and purity of the fruit juice which is olive oil. Say good-bye to stone presses and the old time woven filters known as scourtins. The mill completes the olive oil making process beginning with the mechanical harvesting of the fruit 20 years ago. The choice of mechanization is not sacred, but the result of studies on enhancing the oil\u2019s organoleptic characteristics. It is one of the essential components. The olive grove has more than 120 000 trees planted over the past 20 years with different cultivars from Provence, Tuscany, Catalan and Languedoc allowing us to offer single varieties and unique blends.<\/p>\n<p>Marco Oreggia\u2019s <span style=\"text-decoration: underline;\"><a href=\"http:\/\/www.flosolei.com\/\" target=\"_blank\" rel=\"noopener noreferrer\">Flos Olei<\/a><\/span>\u00a0respected guide book \u2013 willing to be the Parker of olive oils \u2013 ranked Moulin des Ombres olive oil amongst the world\u2019s best 20.<br \/>\n[\/et_pb_text][\/et_pb_column][\/et_pb_row][\/et_pb_section][et_pb_section fb_built=&#8221;1&#8243; _builder_version=&#8221;3.26.8&#8243; background_color=&#8221;rgba(10,10,10,0)&#8221; fb_built=&#8221;1&#8243; _i=&#8221;5&#8243; _address=&#8221;5&#8243;][et_pb_row column_structure=&#8221;1_3,1_3,1_3&#8243; use_custom_gutter=&#8221;on&#8221; gutter_width=&#8221;2&#8243; make_equal=&#8221;on&#8221; _builder_version=&#8221;3.26.8&#8243; _i=&#8221;0&#8243; _address=&#8221;5.0&#8243;][et_pb_column type=&#8221;1_3&#8243; _builder_version=&#8221;3.26.8&#8243; background_color=&#8221;#191919&#8243; _i=&#8221;0&#8243; _address=&#8221;5.0.0&#8243;][et_pb_button button_url=&#8221;https:\/\/www.instagram.com\/chateau_de_montfrin\/&#8221; button_text=&#8221;Follow us on&#8221; button_alignment=&#8221;center&#8221; _builder_version=&#8221;3.26.8&#8243; custom_button=&#8221;on&#8221; button_bg_color=&#8221;rgba(43,43,43,0)&#8221; button_border_width=&#8221;0px&#8221; button_border_color=&#8221;rgba(43,43,43,0)&#8221; button_border_radius=&#8221;0px&#8221; button_font=&#8221;||on||||||&#8221; button_icon=&#8221;%%298%%&#8221; button_icon_color=&#8221;#ffffff&#8221; button_on_hover=&#8221;off&#8221; custom_padding=&#8221;20px||20px||false|false&#8221; button_icon_tablet=&#8221;%%298%%&#8221; button_icon_phone=&#8221;%%298%%&#8221; button_icon_last_edited=&#8221;on|desktop&#8221; button_icon_color_last_edited=&#8221;on|desktop&#8221; custom_css_after=&#8221;padding-left:5px;&#8221; _i=&#8221;0&#8243; _address=&#8221;5.0.0.0&#8243;][\/et_pb_button][\/et_pb_column][et_pb_column type=&#8221;1_3&#8243; _builder_version=&#8221;3.26.8&#8243; background_color=&#8221;#191919&#8243; _i=&#8221;1&#8243; _address=&#8221;5.0.1&#8243;][et_pb_button button_url=&#8221;https:\/\/www.chateaudemontfrin.com\/en\/contact\/&#8221; button_text=&#8221;Contact us&#8221; button_alignment=&#8221;center&#8221; _builder_version=&#8221;3.26.8&#8243; custom_button=&#8221;on&#8221; button_bg_color=&#8221;rgba(43,43,43,0)&#8221; button_border_width=&#8221;0px&#8221; button_border_color=&#8221;rgba(43,43,43,0)&#8221; button_border_radius=&#8221;0px&#8221; button_font=&#8221;||on||||||&#8221; custom_padding=&#8221;20px||20px||false|false&#8221; custom_css_after=&#8221;padding-left:5px;&#8221; _i=&#8221;0&#8243; _address=&#8221;5.0.1.0&#8243;][\/et_pb_button][\/et_pb_column][et_pb_column type=&#8221;1_3&#8243; _builder_version=&#8221;3.26.8&#8243; background_color=&#8221;#191919&#8243; _i=&#8221;2&#8243; _address=&#8221;5.0.2&#8243;][et_pb_button button_url=&#8221;https:\/\/www.chateaudemontfrin.com\/en\/shop-on-site\/&#8221; button_text=&#8221;Meet us&#8221; button_alignment=&#8221;center&#8221; _builder_version=&#8221;3.26.8&#8243; custom_button=&#8221;on&#8221; button_bg_color=&#8221;rgba(43,43,43,0)&#8221; button_border_width=&#8221;0px&#8221; button_border_color=&#8221;rgba(43,43,43,0)&#8221; button_border_radius=&#8221;0px&#8221; button_font=&#8221;||on||||||&#8221; custom_padding=&#8221;20px||20px||false|false&#8221; custom_css_after=&#8221;padding-left:5px;&#8221; _i=&#8221;0&#8243; _address=&#8221;5.0.2.0&#8243;][\/et_pb_button][\/et_pb_column][\/et_pb_row][\/et_pb_section]<\/p>\n","protected":false},"excerpt":{"rendered":"<p>La Grande Maison The great house is a beautiful house with a rich and historic past. Residing in the heart of a village she was once deemed to protect. Through out her history, many famous people have stopped by. Such as Francis of Assis, patron saint of animals, Saint Louis, Louis XIII and Moliere to [&hellip;]<\/p>\n","protected":false},"author":1,"featured_media":0,"parent":0,"menu_order":0,"comment_status":"closed","ping_status":"closed","template":"","meta":{"_et_pb_use_builder":"on","_et_pb_old_content":"","_et_gb_content_width":"","footnotes":""},"class_list":["post-24888","page","type-page","status-publish","hentry"],"yoast_head":"<!-- This site is optimized with the Yoast SEO plugin v27.2 - https:\/\/yoast.com\/product\/yoast-seo-wordpress\/ -->\n<title>The Land - Chateau de Montfrin<\/title>\n<meta name=\"robots\" content=\"index, follow, max-snippet:-1, max-image-preview:large, max-video-preview:-1\" \/>\n<link rel=\"canonical\" href=\"https:\/\/www.chateaudemontfrin.com\/en\/the-land\/\" \/>\n<meta property=\"og:locale\" content=\"en_US\" \/>\n<meta property=\"og:type\" content=\"article\" \/>\n<meta property=\"og:title\" content=\"The Land - Chateau de Montfrin\" \/>\n<meta property=\"og:description\" content=\"La Grande Maison The great house is a beautiful house with a rich and historic past. Residing in the heart of a village she was once deemed to protect. Through out her history, many famous people have stopped by. Such as Francis of Assis, patron saint of animals, Saint Louis, Louis XIII and Moliere to [&hellip;]\" \/>\n<meta property=\"og:url\" content=\"https:\/\/www.chateaudemontfrin.com\/en\/the-land\/\" \/>\n<meta property=\"og:site_name\" content=\"Chateau de Montfrin\" \/>\n<meta property=\"article:modified_time\" content=\"2020-08-06T13:28:30+00:00\" \/>\n<meta name=\"twitter:card\" content=\"summary_large_image\" \/>\n<meta name=\"twitter:label1\" content=\"Est. reading time\" \/>\n\t<meta name=\"twitter:data1\" content=\"10 minutes\" \/>\n<script type=\"application\/ld+json\" class=\"yoast-schema-graph\">{\"@context\":\"https:\/\/schema.org\",\"@graph\":[{\"@type\":\"WebPage\",\"@id\":\"https:\/\/www.chateaudemontfrin.com\/en\/the-land\/\",\"url\":\"https:\/\/www.chateaudemontfrin.com\/en\/the-land\/\",\"name\":\"The Land - Chateau de Montfrin\",\"isPartOf\":{\"@id\":\"https:\/\/www.chateaudemontfrin.com\/#website\"},\"datePublished\":\"2019-08-15T14:00:04+00:00\",\"dateModified\":\"2020-08-06T13:28:30+00:00\",\"breadcrumb\":{\"@id\":\"https:\/\/www.chateaudemontfrin.com\/en\/the-land\/#breadcrumb\"},\"inLanguage\":\"en-US\",\"potentialAction\":[{\"@type\":\"ReadAction\",\"target\":[\"https:\/\/www.chateaudemontfrin.com\/en\/the-land\/\"]}]},{\"@type\":\"BreadcrumbList\",\"@id\":\"https:\/\/www.chateaudemontfrin.com\/en\/the-land\/#breadcrumb\",\"itemListElement\":[{\"@type\":\"ListItem\",\"position\":1,\"name\":\"Accueil\",\"item\":\"https:\/\/www.chateaudemontfrin.com\/en\/\"},{\"@type\":\"ListItem\",\"position\":2,\"name\":\"The Land\"}]},{\"@type\":\"WebSite\",\"@id\":\"https:\/\/www.chateaudemontfrin.com\/#website\",\"url\":\"https:\/\/www.chateaudemontfrin.com\/\",\"name\":\"Chateau de Montfrin\",\"description\":\"Vins et Huile d&#039;olive bio\",\"potentialAction\":[{\"@type\":\"SearchAction\",\"target\":{\"@type\":\"EntryPoint\",\"urlTemplate\":\"https:\/\/www.chateaudemontfrin.com\/?s={search_term_string}\"},\"query-input\":{\"@type\":\"PropertyValueSpecification\",\"valueRequired\":true,\"valueName\":\"search_term_string\"}}],\"inLanguage\":\"en-US\"}]}<\/script>\n<!-- \/ Yoast SEO plugin. -->","yoast_head_json":{"title":"The Land - Chateau de Montfrin","robots":{"index":"index","follow":"follow","max-snippet":"max-snippet:-1","max-image-preview":"max-image-preview:large","max-video-preview":"max-video-preview:-1"},"canonical":"https:\/\/www.chateaudemontfrin.com\/en\/the-land\/","og_locale":"en_US","og_type":"article","og_title":"The Land - Chateau de Montfrin","og_description":"La Grande Maison The great house is a beautiful house with a rich and historic past. Residing in the heart of a village she was once deemed to protect. Through out her history, many famous people have stopped by. Such as Francis of Assis, patron saint of animals, Saint Louis, Louis XIII and Moliere to [&hellip;]","og_url":"https:\/\/www.chateaudemontfrin.com\/en\/the-land\/","og_site_name":"Chateau de Montfrin","article_modified_time":"2020-08-06T13:28:30+00:00","twitter_card":"summary_large_image","twitter_misc":{"Est. reading time":"10 minutes"},"schema":{"@context":"https:\/\/schema.org","@graph":[{"@type":"WebPage","@id":"https:\/\/www.chateaudemontfrin.com\/en\/the-land\/","url":"https:\/\/www.chateaudemontfrin.com\/en\/the-land\/","name":"The Land - Chateau de Montfrin","isPartOf":{"@id":"https:\/\/www.chateaudemontfrin.com\/#website"},"datePublished":"2019-08-15T14:00:04+00:00","dateModified":"2020-08-06T13:28:30+00:00","breadcrumb":{"@id":"https:\/\/www.chateaudemontfrin.com\/en\/the-land\/#breadcrumb"},"inLanguage":"en-US","potentialAction":[{"@type":"ReadAction","target":["https:\/\/www.chateaudemontfrin.com\/en\/the-land\/"]}]},{"@type":"BreadcrumbList","@id":"https:\/\/www.chateaudemontfrin.com\/en\/the-land\/#breadcrumb","itemListElement":[{"@type":"ListItem","position":1,"name":"Accueil","item":"https:\/\/www.chateaudemontfrin.com\/en\/"},{"@type":"ListItem","position":2,"name":"The Land"}]},{"@type":"WebSite","@id":"https:\/\/www.chateaudemontfrin.com\/#website","url":"https:\/\/www.chateaudemontfrin.com\/","name":"Chateau de Montfrin","description":"Vins et Huile d&#039;olive bio","potentialAction":[{"@type":"SearchAction","target":{"@type":"EntryPoint","urlTemplate":"https:\/\/www.chateaudemontfrin.com\/?s={search_term_string}"},"query-input":{"@type":"PropertyValueSpecification","valueRequired":true,"valueName":"search_term_string"}}],"inLanguage":"en-US"}]}},"_links":{"self":[{"href":"https:\/\/www.chateaudemontfrin.com\/en\/wp-json\/wp\/v2\/pages\/24888","targetHints":{"allow":["GET"]}}],"collection":[{"href":"https:\/\/www.chateaudemontfrin.com\/en\/wp-json\/wp\/v2\/pages"}],"about":[{"href":"https:\/\/www.chateaudemontfrin.com\/en\/wp-json\/wp\/v2\/types\/page"}],"author":[{"embeddable":true,"href":"https:\/\/www.chateaudemontfrin.com\/en\/wp-json\/wp\/v2\/users\/1"}],"replies":[{"embeddable":true,"href":"https:\/\/www.chateaudemontfrin.com\/en\/wp-json\/wp\/v2\/comments?post=24888"}],"version-history":[{"count":10,"href":"https:\/\/www.chateaudemontfrin.com\/en\/wp-json\/wp\/v2\/pages\/24888\/revisions"}],"predecessor-version":[{"id":25316,"href":"https:\/\/www.chateaudemontfrin.com\/en\/wp-json\/wp\/v2\/pages\/24888\/revisions\/25316"}],"wp:attachment":[{"href":"https:\/\/www.chateaudemontfrin.com\/en\/wp-json\/wp\/v2\/media?parent=24888"}],"curies":[{"name":"wp","href":"https:\/\/api.w.org\/{rel}","templated":true}]}}